{"id":987510418,"date":"2025-04-28T09:15:48","date_gmt":"2025-04-28T07:15:48","guid":{"rendered":"https:\/\/nk-zt.at\/?page_id=987510418"},"modified":"2025-12-10T12:18:01","modified_gmt":"2025-12-10T11:18:01","slug":"foerdertrassen-voestalpine","status":"publish","type":"page","link":"https:\/\/nk-zt.at\/en\/foerdertrassen-voestalpine\/","title":{"rendered":"Conveyor lines - voestalpine"},"content":{"rendered":"<p>[et_pb_section fb_built=&#8220;1&#8243; _builder_version=&#8220;4.24.0&#8243; _module_preset=&#8220;default&#8220; background_color=&#8220;#859690&#8243; custom_margin=&#8220;0px||0px||false|false&#8220; custom_padding=&#8220;0px||0px||false|false&#8220; sticky_position=&#8220;bottom&#8220; locked=&#8220;off&#8220; global_colors_info=&#8220;{}&#8220;][et_pb_row _builder_version=&#8220;4.16&#8243; _module_preset=&#8220;default&#8220; max_width=&#8220;1200px&#8220; custom_margin=&#8220;0px||0px||true|false&#8220; custom_padding=&#8220;15px||15px||true|false&#8220; global_colors_info=&#8220;{}&#8220;][et_pb_column type=&#8220;4_4&#8243; _builder_version=&#8220;4.16&#8243; _module_preset=&#8220;default&#8220; global_colors_info=&#8220;{}&#8220;][et_pb_text _builder_version=&#8220;4.25.1&#8243; _module_preset=&#8220;default&#8220; text_font=&#8220;josefin_sans_regular||||||||&#8220; text_text_color=&#8220;#FFFFFF&#8220; text_font_size=&#8220;18px&#8220; text_font_size_tablet=&#8220;16px&#8220; text_font_size_phone=&#8220;14px&#8220; text_font_size_last_edited=&#8220;on|phone&#8220; global_colors_info=&#8220;{}&#8220;]<\/p>\n<p style=\"text-align: center;\"><span id=\"mycopyright\">\u00a9 Neuwirth-Kienmandl ZT GmbH\u00a0 |\u00a0 <span style=\"color: #ffffff;\"><a href=\"https:\/\/nk-zt.at\/en\/impressum\/\" style=\"color: #ffffff;\">Imprint\u00a0<\/a><\/span> |\u00a0 <a href=\"https:\/\/nk-zt.at\/en\/datenschutz\/\"><span style=\"color: #ffffff;\">Data protection<\/span> <\/a>| \u00a0 <a href=\"https:\/\/www.glenpix.at\/\"><span style=\"color: #ffffff;\">Design by Glenpix<\/span><\/a><br \/><\/span><\/p>\n<p>[\/et_pb_text][\/et_pb_column][\/et_pb_row][\/et_pb_section][et_pb_section fb_built=&#8220;1&#8243; _builder_version=&#8220;4.18.0&#8243; _module_preset=&#8220;default&#8220; global_colors_info=&#8220;{}&#8220;][\/et_pb_section][et_pb_section fb_built=&#8220;1&#8243; custom_padding_last_edited=&#8220;on|phone&#8220; _builder_version=&#8220;4.25.1&#8243; _module_preset=&#8220;default&#8220; background_enable_color=&#8220;off&#8220; background_enable_image=&#8220;off&#8220; positioning=&#8220;none&#8220; overflow-x=&#8220;hidden&#8220; custom_padding_tablet=&#8220;0px||30px||false|false&#8220; custom_padding_phone=&#8220;||40px||false|false&#8220; hover_enabled=&#8220;0&#8243; locked=&#8220;off&#8220; global_colors_info=&#8220;{}&#8220; disabled_on=&#8220;on|on|on&#8220; disabled=&#8220;on&#8220; sticky_enabled=&#8220;0&#8243;][et_pb_row use_custom_gutter=&#8220;on&#8220; gutter_width=&#8220;2&#8243; custom_padding_last_edited=&#8220;on|desktop&#8220; _builder_version=&#8220;4.24.0&#8243; _module_preset=&#8220;default&#8220; max_width=&#8220;1380px&#8220; custom_padding=&#8220;|15px||15px|false|true&#8220; custom_padding_tablet=&#8220;|15px||15px|false|true&#8220; custom_padding_phone=&#8220;||10px||false|true&#8220; locked=&#8220;off&#8220; global_colors_info=&#8220;{}&#8220;][et_pb_column type=&#8220;4_4&#8243; _builder_version=&#8220;4.18.0&#8243; _module_preset=&#8220;default&#8220; global_colors_info=&#8220;{}&#8220;][et_pb_text _builder_version=&#8220;4.25.1&#8243; _module_preset=&#8220;default&#8220; text_font=&#8220;josefin_sans_regular||||||||&#8220; text_text_color=&#8220;#55625e&#8220; text_font_size=&#8220;22px&#8220; header_text_color=&#8220;#55625e&#8220; header_font_size=&#8220;7px&#8220; header_line_height=&#8220;1.3em&#8220; header_2_font=&#8220;josefin_sans_regular|700|||||||&#8220; header_2_text_color=&#8220;#55625e&#8220; header_2_font_size=&#8220;34px&#8220; module_alignment=&#8220;center&#8220; global_colors_info=&#8220;{}&#8220;]<\/p>\n<div class=\"fusion-fullwidth fullwidth-box\">\n<div class=\"avada-row\">\n<h2>Conveyor lines - voestalpine<\/h2>\n<p>&nbsp;<\/p>\n<p>Linz, Upper Austria<br \/>2024-2025<br \/>Industrial construction<\/p>\n<p>&nbsp;<\/p>\n<\/div>\n<\/div>\n<p>[\/et_pb_text][\/et_pb_column][\/et_pb_row][et_pb_row column_structure=&#8220;1_2,1_2&#8243; _builder_version=&#8220;4.25.1&#8243; _module_preset=&#8220;default&#8220; max_width=&#8220;1380px&#8220; global_colors_info=&#8220;{}&#8220;][et_pb_column type=&#8220;1_2&#8243; _builder_version=&#8220;4.25.1&#8243; _module_preset=&#8220;default&#8220; global_colors_info=&#8220;{}&#8220;][et_pb_image src=&#8220;https:\/\/nk-zt.at\/wp-content\/uploads\/2025\/04\/Foerdertrassen_3.jpg&#8220; title_text=&#8220;F\u00f6rdertrassen_3&#8243; _builder_version=&#8220;4.25.1&#8243; _module_preset=&#8220;default&#8220; global_colors_info=&#8220;{}&#8220;][\/et_pb_image][et_pb_image src=&#8220;https:\/\/nk-zt.at\/wp-content\/uploads\/2025\/04\/Foerdertrassen_1.jpg&#8220; title_text=&#8220;F\u00f6rdertrassen_1&#8243; _builder_version=&#8220;4.25.1&#8243; _module_preset=&#8220;default&#8220; global_colors_info=&#8220;{}&#8220;][\/et_pb_image][\/et_pb_column][et_pb_column type=&#8220;1_2&#8243; _builder_version=&#8220;4.25.1&#8243; _module_preset=&#8220;default&#8220; global_colors_info=&#8220;{}&#8220;][et_pb_image src=&#8220;https:\/\/nk-zt.at\/wp-content\/uploads\/2025\/04\/Foerdertrassen_2.jpg&#8220; title_text=&#8220;F\u00f6rdertrassen_2&#8243; _builder_version=&#8220;4.25.1&#8243; _module_preset=&#8220;default&#8220; global_colors_info=&#8220;{}&#8220;][\/et_pb_image][\/et_pb_column][\/et_pb_row][et_pb_row use_custom_gutter=&#8220;on&#8220; gutter_width=&#8220;2&#8243; custom_padding_last_edited=&#8220;on|desktop&#8220; _builder_version=&#8220;4.24.0&#8243; _module_preset=&#8220;default&#8220; max_width=&#8220;1380px&#8220; custom_padding=&#8220;|15px||15px|false|true&#8220; custom_padding_tablet=&#8220;|15px||15px|false|true&#8220; custom_padding_phone=&#8220;||10px||false|true&#8220; locked=&#8220;off&#8220; global_colors_info=&#8220;{}&#8220;][et_pb_column type=&#8220;4_4&#8243; _builder_version=&#8220;4.18.0&#8243; _module_preset=&#8220;default&#8220; global_colors_info=&#8220;{}&#8220;][et_pb_text _builder_version=&#8220;4.25.1&#8243; _module_preset=&#8220;default&#8220; text_font=&#8220;josefin_sans_regular||||||||&#8220; text_text_color=&#8220;#55625e&#8220; text_font_size=&#8220;22px&#8220; header_text_color=&#8220;#55625e&#8220; header_font_size=&#8220;7px&#8220; header_line_height=&#8220;1.3em&#8220; header_2_font=&#8220;josefin_sans_regular|700|||||||&#8220; header_2_text_color=&#8220;#55625e&#8220; header_2_font_size=&#8220;34px&#8220; module_alignment=&#8220;center&#8220; global_colors_info=&#8220;{}&#8220;]<\/p>\n<div class=\"fusion-fullwidth fullwidth-box\">\n<div class=\"avada-row\">\n<p>&nbsp;<\/p>\n<\/div>\n<\/div>\n<div class=\"fusion-fullwidth fullwidth-box\">\n<div class=\"avada-row\">\n<ul>\n<li class=\"translation-block\">Recalculation of 200 metres of existing conveyor routes and 3 transfer towers regarding new loads<\/li>\n<li><span style=\"color: #55625e;\">Design of necessary reinforcements in the existing construction<\/span><\/li>\n<li>\n<p style=\"margin-bottom: 0cm;\"><span style=\"color: #55625e;\">New design and structural dimensioning of 120 metres of conveyor routes with 2 towers<\/span><\/p>\n<\/li>\n<li>\n<p style=\"margin-bottom: 0cm;\"><span style=\"color: #55625e;\">Workshop planning for the reinforcements and the new buildings<\/span><\/p>\n<\/li>\n<li>\n<p style=\"margin-bottom: 0cm;\"><span style=\"color: #55625e;\">Client Schatz Gmbh<\/span><\/p>\n<\/li>\n<\/ul>\n<ul class=\"fusion-checklist\"><\/ul>\n<\/div>\n<\/div>\n<p>[\/et_pb_text][\/et_pb_column][\/et_pb_row][et_pb_row _builder_version=&#8220;4.24.0&#8243; _module_preset=&#8220;default&#8220; global_colors_info=&#8220;{}&#8220;][et_pb_column type=&#8220;4_4&#8243; _builder_version=&#8220;4.24.0&#8243; _module_preset=&#8220;default&#8220; global_colors_info=&#8220;{}&#8220;][et_pb_divider show_divider=&#8220;off&#8220; _builder_version=&#8220;4.24.0&#8243; _module_preset=&#8220;default&#8220; global_colors_info=&#8220;{}&#8220;][\/et_pb_divider][\/et_pb_column][\/et_pb_row][\/et_pb_section]<\/p>","protected":false},"excerpt":{"rendered":"<p>\u00a9 Neuwirth-Kienmandl ZT GmbH\u00a0 |\u00a0 Impressum\u00a0 |\u00a0 Datenschutz | \u00a0 Design by Glenpix F\u00f6rdertrassen &#8211; voestalpine &nbsp; Linz, Ober\u00f6sterreich2024-2025Industriebau &nbsp; &nbsp; Nachrechnung von 200m bestehender F\u00f6rdertrassen und 3 \u00dcbergabet\u00fcrmen auf neue Belastungen Auslegung von erforderlichen Verst\u00e4rkungen in den Bestandstrassen Neuplanung und statische Dimensionierung von 120 m F\u00f6rdertrassen mit 2 T\u00fcrmen Werkstattplanung zu den Verst\u00e4rkungen und [&hellip;]<\/p>","protected":false},"author":1,"featured_media":0,"parent":0,"menu_order":0,"comment_status":"closed","ping_status":"closed","template":"","meta":{"_et_pb_use_builder":"on","_et_pb_old_content":"","_et_gb_content_width":"","footnotes":""},"class_list":["post-987510418","page","type-page","status-publish","hentry"],"yoast_head":"<!-- This site is optimized with the Yoast SEO plugin v25.2 - https:\/\/yoast.com\/wordpress\/plugins\/seo\/ -->\n<title>F\u00f6rdertrassen - voestalpine - NKZT<\/title>\n<meta name=\"robots\" content=\"index, follow, max-snippet:-1, max-image-preview:large, max-video-preview:-1\" \/>\n<link rel=\"canonical\" href=\"https:\/\/nk-zt.at\/en\/foerdertrassen-voestalpine\/\" \/>\n<meta property=\"og:locale\" content=\"en_GB\" \/>\n<meta property=\"og:type\" content=\"article\" \/>\n<meta property=\"og:title\" content=\"F\u00f6rdertrassen - voestalpine - NKZT\" \/>\n<meta property=\"og:description\" content=\"\u00a9 Neuwirth-Kienmandl ZT GmbH\u00a0 |\u00a0 Impressum\u00a0 |\u00a0 Datenschutz | \u00a0 Design by Glenpix F\u00f6rdertrassen - voestalpine &nbsp; Linz, Ober\u00f6sterreich2024-2025Industriebau &nbsp; &nbsp; Nachrechnung von 200m bestehender F\u00f6rdertrassen und 3 \u00dcbergabet\u00fcrmen auf neue Belastungen Auslegung von erforderlichen Verst\u00e4rkungen in den Bestandstrassen Neuplanung und statische Dimensionierung von 120 m F\u00f6rdertrassen mit 2 T\u00fcrmen Werkstattplanung zu den Verst\u00e4rkungen und [&hellip;]\" \/>\n<meta property=\"og:url\" content=\"https:\/\/nk-zt.at\/en\/foerdertrassen-voestalpine\/\" \/>\n<meta property=\"og:site_name\" content=\"NKZT\" \/>\n<meta property=\"article:modified_time\" content=\"2025-12-10T11:18:01+00:00\" \/>\n<meta name=\"twitter:card\" content=\"summary_large_image\" \/>\n<meta name=\"twitter:label1\" content=\"Estimated reading time\" \/>\n\t<meta name=\"twitter:data1\" content=\"3 minutes\" \/>\n<script type=\"application\/ld+json\" class=\"yoast-schema-graph\">{\"@context\":\"https:\/\/schema.org\",\"@graph\":[{\"@type\":\"WebPage\",\"@id\":\"https:\/\/nk-zt.at\/foerdertrassen-voestalpine\/\",\"url\":\"https:\/\/nk-zt.at\/foerdertrassen-voestalpine\/\",\"name\":\"F\u00f6rdertrassen - voestalpine - NKZT\",\"isPartOf\":{\"@id\":\"https:\/\/nk-zt.at\/#website\"},\"datePublished\":\"2025-04-28T07:15:48+00:00\",\"dateModified\":\"2025-12-10T11:18:01+00:00\",\"breadcrumb\":{\"@id\":\"https:\/\/nk-zt.at\/foerdertrassen-voestalpine\/#breadcrumb\"},\"inLanguage\":\"en-GB\",\"potentialAction\":[{\"@type\":\"ReadAction\",\"target\":[\"https:\/\/nk-zt.at\/foerdertrassen-voestalpine\/\"]}]},{\"@type\":\"BreadcrumbList\",\"@id\":\"https:\/\/nk-zt.at\/foerdertrassen-voestalpine\/#breadcrumb\",\"itemListElement\":[{\"@type\":\"ListItem\",\"position\":1,\"name\":\"Home\",\"item\":\"https:\/\/nk-zt.at\/\"},{\"@type\":\"ListItem\",\"position\":2,\"name\":\"F\u00f6rdertrassen &#8211; voestalpine\"}]},{\"@type\":\"WebSite\",\"@id\":\"https:\/\/nk-zt.at\/#website\",\"url\":\"https:\/\/nk-zt.at\/\",\"name\":\"NKZT\",\"description\":\"Kienmandl ZT GmbH f\u00fcr Bauwesen\",\"potentialAction\":[{\"@type\":\"SearchAction\",\"target\":{\"@type\":\"EntryPoint\",\"urlTemplate\":\"https:\/\/nk-zt.at\/?s={search_term_string}\"},\"query-input\":{\"@type\":\"PropertyValueSpecification\",\"valueRequired\":true,\"valueName\":\"search_term_string\"}}],\"inLanguage\":\"en-GB\"}]}<\/script>\n<!-- \/ Yoast SEO plugin. -->","yoast_head_json":{"title":"F\u00f6rdertrassen - voestalpine - NKZT","robots":{"index":"index","follow":"follow","max-snippet":"max-snippet:-1","max-image-preview":"max-image-preview:large","max-video-preview":"max-video-preview:-1"},"canonical":"https:\/\/nk-zt.at\/en\/foerdertrassen-voestalpine\/","og_locale":"en_GB","og_type":"article","og_title":"F\u00f6rdertrassen - voestalpine - NKZT","og_description":"\u00a9 Neuwirth-Kienmandl ZT GmbH\u00a0 |\u00a0 Impressum\u00a0 |\u00a0 Datenschutz | \u00a0 Design by Glenpix F\u00f6rdertrassen - voestalpine &nbsp; Linz, Ober\u00f6sterreich2024-2025Industriebau &nbsp; &nbsp; Nachrechnung von 200m bestehender F\u00f6rdertrassen und 3 \u00dcbergabet\u00fcrmen auf neue Belastungen Auslegung von erforderlichen Verst\u00e4rkungen in den Bestandstrassen Neuplanung und statische Dimensionierung von 120 m F\u00f6rdertrassen mit 2 T\u00fcrmen Werkstattplanung zu den Verst\u00e4rkungen und [&hellip;]","og_url":"https:\/\/nk-zt.at\/en\/foerdertrassen-voestalpine\/","og_site_name":"NKZT","article_modified_time":"2025-12-10T11:18:01+00:00","twitter_card":"summary_large_image","twitter_misc":{"Estimated reading time":"3 minutes"},"schema":{"@context":"https:\/\/schema.org","@graph":[{"@type":"WebPage","@id":"https:\/\/nk-zt.at\/foerdertrassen-voestalpine\/","url":"https:\/\/nk-zt.at\/foerdertrassen-voestalpine\/","name":"F\u00f6rdertrassen - voestalpine - NKZT","isPartOf":{"@id":"https:\/\/nk-zt.at\/#website"},"datePublished":"2025-04-28T07:15:48+00:00","dateModified":"2025-12-10T11:18:01+00:00","breadcrumb":{"@id":"https:\/\/nk-zt.at\/foerdertrassen-voestalpine\/#breadcrumb"},"inLanguage":"en-GB","potentialAction":[{"@type":"ReadAction","target":["https:\/\/nk-zt.at\/foerdertrassen-voestalpine\/"]}]},{"@type":"BreadcrumbList","@id":"https:\/\/nk-zt.at\/foerdertrassen-voestalpine\/#breadcrumb","itemListElement":[{"@type":"ListItem","position":1,"name":"Home","item":"https:\/\/nk-zt.at\/"},{"@type":"ListItem","position":2,"name":"F\u00f6rdertrassen &#8211; voestalpine"}]},{"@type":"WebSite","@id":"https:\/\/nk-zt.at\/#website","url":"https:\/\/nk-zt.at\/","name":"NKZT","description":"Kienmandl ZT GmbH f\u00fcr Bauwesen","potentialAction":[{"@type":"SearchAction","target":{"@type":"EntryPoint","urlTemplate":"https:\/\/nk-zt.at\/?s={search_term_string}"},"query-input":{"@type":"PropertyValueSpecification","valueRequired":true,"valueName":"search_term_string"}}],"inLanguage":"en-GB"}]}},"_links":{"self":[{"href":"https:\/\/nk-zt.at\/en\/wp-json\/wp\/v2\/pages\/987510418","targetHints":{"allow":["GET"]}}],"collection":[{"href":"https:\/\/nk-zt.at\/en\/wp-json\/wp\/v2\/pages"}],"about":[{"href":"https:\/\/nk-zt.at\/en\/wp-json\/wp\/v2\/types\/page"}],"author":[{"embeddable":true,"href":"https:\/\/nk-zt.at\/en\/wp-json\/wp\/v2\/users\/1"}],"replies":[{"embeddable":true,"href":"https:\/\/nk-zt.at\/en\/wp-json\/wp\/v2\/comments?post=987510418"}],"version-history":[{"count":4,"href":"https:\/\/nk-zt.at\/en\/wp-json\/wp\/v2\/pages\/987510418\/revisions"}],"predecessor-version":[{"id":987510439,"href":"https:\/\/nk-zt.at\/en\/wp-json\/wp\/v2\/pages\/987510418\/revisions\/987510439"}],"wp:attachment":[{"href":"https:\/\/nk-zt.at\/en\/wp-json\/wp\/v2\/media?parent=987510418"}],"curies":[{"name":"wp","href":"https:\/\/api.w.org\/{rel}","templated":true}]}}