{"id":987510084,"date":"2024-06-15T10:47:23","date_gmt":"2024-06-15T08:47:23","guid":{"rendered":"https:\/\/nk-zt.at\/?page_id=987510084"},"modified":"2024-06-15T11:20:02","modified_gmt":"2024-06-15T09:20:02","slug":"tencel-produktionsanlage-lenzing","status":"publish","type":"page","link":"https:\/\/nk-zt.at\/en\/tencel-produktionsanlage-lenzing\/","title":{"rendered":"Tencel Produktionsanlage-Lenzing"},"content":{"rendered":"<p>[et_pb_section fb_built=&#8220;1&#8243; _builder_version=&#8220;4.24.0&#8243; _module_preset=&#8220;default&#8220; background_color=&#8220;#859690&#8243; custom_margin=&#8220;0px||0px||false|false&#8220; custom_padding=&#8220;0px||0px||false|false&#8220; sticky_position=&#8220;bottom&#8220; locked=&#8220;off&#8220; global_colors_info=&#8220;{}&#8220;][et_pb_row _builder_version=&#8220;4.16&#8243; _module_preset=&#8220;default&#8220; max_width=&#8220;1200px&#8220; custom_margin=&#8220;0px||0px||true|false&#8220; custom_padding=&#8220;15px||15px||true|false&#8220; global_colors_info=&#8220;{}&#8220;][et_pb_column type=&#8220;4_4&#8243; _builder_version=&#8220;4.16&#8243; _module_preset=&#8220;default&#8220; global_colors_info=&#8220;{}&#8220;][et_pb_text _builder_version=&#8220;4.25.1&#8243; _module_preset=&#8220;default&#8220; text_font=&#8220;josefin_sans_regular||||||||&#8220; text_text_color=&#8220;#FFFFFF&#8220; text_font_size=&#8220;18px&#8220; text_font_size_tablet=&#8220;16px&#8220; text_font_size_phone=&#8220;14px&#8220; text_font_size_last_edited=&#8220;on|phone&#8220; global_colors_info=&#8220;{}&#8220;]<\/p>\n<p style=\"text-align: center;\"><span id=\"mycopyright\">\u00a9 Neuwirth-Kienmandl ZT GmbH\u00a0 |\u00a0 <span style=\"color: #ffffff;\"><a href=\"https:\/\/nk-zt.at\/en\/impressum\/\" style=\"color: #ffffff;\">Imprint\u00a0<\/a><\/span> |\u00a0 <a href=\"https:\/\/nk-zt.at\/en\/datenschutz\/\"><span style=\"color: #ffffff;\">Data protection<\/span> <\/a>| \u00a0 <a href=\"https:\/\/www.glenpix.at\/\"><span style=\"color: #ffffff;\">Design by Glenpix<\/span><\/a><br \/><\/span><\/p>\n<p>[\/et_pb_text][\/et_pb_column][\/et_pb_row][\/et_pb_section][et_pb_section fb_built=&#8220;1&#8243; custom_padding_last_edited=&#8220;on|phone&#8220; _builder_version=&#8220;4.24.0&#8243; _module_preset=&#8220;default&#8220; background_enable_color=&#8220;off&#8220; background_enable_image=&#8220;off&#8220; positioning=&#8220;none&#8220; overflow-x=&#8220;hidden&#8220; custom_padding_tablet=&#8220;0px||30px||false|false&#8220; custom_padding_phone=&#8220;||40px||false|false&#8220; locked=&#8220;off&#8220; global_colors_info=&#8220;{}&#8220;][et_pb_row _builder_version=&#8220;4.25.1&#8243; _module_preset=&#8220;default&#8220; global_colors_info=&#8220;{}&#8220;][et_pb_column type=&#8220;4_4&#8243; _builder_version=&#8220;4.25.1&#8243; _module_preset=&#8220;default&#8220; global_colors_info=&#8220;{}&#8220;][\/et_pb_column][\/et_pb_row][et_pb_row use_custom_gutter=&#8220;on&#8220; gutter_width=&#8220;2&#8243; custom_padding_last_edited=&#8220;on|desktop&#8220; _builder_version=&#8220;4.24.0&#8243; _module_preset=&#8220;default&#8220; max_width=&#8220;1380px&#8220; custom_padding=&#8220;|15px||15px|false|true&#8220; custom_padding_tablet=&#8220;|15px||15px|false|true&#8220; custom_padding_phone=&#8220;||10px||false|true&#8220; locked=&#8220;off&#8220; global_colors_info=&#8220;{}&#8220;][et_pb_column type=&#8220;4_4&#8243; _builder_version=&#8220;4.18.0&#8243; _module_preset=&#8220;default&#8220; global_colors_info=&#8220;{}&#8220;][et_pb_text _builder_version=&#8220;4.25.1&#8243; _module_preset=&#8220;default&#8220; text_font=&#8220;josefin_sans_regular||||||||&#8220; text_text_color=&#8220;#55625e&#8220; text_font_size=&#8220;22px&#8220; header_text_color=&#8220;#55625e&#8220; header_font_size=&#8220;7px&#8220; header_line_height=&#8220;1.3em&#8220; header_2_font=&#8220;josefin_sans_regular|700|||||||&#8220; header_2_text_color=&#8220;#55625e&#8220; header_2_font_size=&#8220;34px&#8220; module_alignment=&#8220;center&#8220; global_colors_info=&#8220;{}&#8220;]<\/p>\n<div class=\"fusion-fullwidth fullwidth-box\">\n<div class=\"avada-row\">\n<h2>Tencel fiber production plant<\/h2>\n<p>&nbsp;<\/p>\n<p>Lenzing, Upper Austria<br \/>2010 \u2013 2014<br \/>Industrial construction<\/p>\n<p>&nbsp;<\/p>\n<\/div>\n<\/div>\n<p>[\/et_pb_text][\/et_pb_column][\/et_pb_row][et_pb_row column_structure=&#8220;1_2,1_2&#8243; _builder_version=&#8220;4.25.1&#8243; _module_preset=&#8220;default&#8220; max_width=&#8220;1380px&#8220; global_colors_info=&#8220;{}&#8220;][et_pb_column type=&#8220;1_2&#8243; _builder_version=&#8220;4.25.1&#8243; _module_preset=&#8220;default&#8220; global_colors_info=&#8220;{}&#8220;][et_pb_image src=&#8220;https:\/\/nk-zt.at\/wp-content\/uploads\/2024\/06\/Tencel_1.jpg&#8220; title_text=&#8220;Tencel_1&#8243; _builder_version=&#8220;4.25.1&#8243; _module_preset=&#8220;default&#8220; hover_enabled=&#8220;0&#8243; global_colors_info=&#8220;{}&#8220; sticky_enabled=&#8220;0&#8243;][\/et_pb_image][et_pb_image src=&#8220;https:\/\/nk-zt.at\/wp-content\/uploads\/2024\/06\/Tencel_3.jpg&#8220; title_text=&#8220;Tencel_3&#8243; _builder_version=&#8220;4.25.1&#8243; _module_preset=&#8220;default&#8220; hover_enabled=&#8220;0&#8243; global_colors_info=&#8220;{}&#8220; sticky_enabled=&#8220;0&#8243;][\/et_pb_image][et_pb_image src=&#8220;https:\/\/nk-zt.at\/wp-content\/uploads\/2024\/06\/Tencel_5.jpg&#8220; title_text=&#8220;Tencel_5&#8243; _builder_version=&#8220;4.25.1&#8243; _module_preset=&#8220;default&#8220; hover_enabled=&#8220;0&#8243; global_colors_info=&#8220;{}&#8220; sticky_enabled=&#8220;0&#8243;][\/et_pb_image][et_pb_image src=&#8220;https:\/\/nk-zt.at\/wp-content\/uploads\/2024\/06\/Tencel_7.jpg&#8220; title_text=&#8220;Tencel_7&#8243; _builder_version=&#8220;4.25.1&#8243; _module_preset=&#8220;default&#8220; hover_enabled=&#8220;0&#8243; global_colors_info=&#8220;{}&#8220; sticky_enabled=&#8220;0&#8243;][\/et_pb_image][\/et_pb_column][et_pb_column type=&#8220;1_2&#8243; _builder_version=&#8220;4.25.1&#8243; _module_preset=&#8220;default&#8220; global_colors_info=&#8220;{}&#8220;][et_pb_image src=&#8220;https:\/\/nk-zt.at\/wp-content\/uploads\/2024\/06\/Tencel_2.jpg&#8220; title_text=&#8220;Tencel_2&#8243; _builder_version=&#8220;4.25.1&#8243; _module_preset=&#8220;default&#8220; hover_enabled=&#8220;0&#8243; global_colors_info=&#8220;{}&#8220; sticky_enabled=&#8220;0&#8243;][\/et_pb_image][et_pb_image src=&#8220;https:\/\/nk-zt.at\/wp-content\/uploads\/2024\/06\/Tencel_4.jpg&#8220; title_text=&#8220;Tencel_4&#8243; _builder_version=&#8220;4.25.1&#8243; _module_preset=&#8220;default&#8220; hover_enabled=&#8220;0&#8243; global_colors_info=&#8220;{}&#8220; sticky_enabled=&#8220;0&#8243;][\/et_pb_image][et_pb_image src=&#8220;https:\/\/nk-zt.at\/wp-content\/uploads\/2024\/06\/Tencel_6.jpg&#8220; title_text=&#8220;Tencel_6&#8243; _builder_version=&#8220;4.25.1&#8243; _module_preset=&#8220;default&#8220; hover_enabled=&#8220;0&#8243; global_colors_info=&#8220;{}&#8220; sticky_enabled=&#8220;0&#8243;][\/et_pb_image][et_pb_image src=&#8220;https:\/\/nk-zt.at\/wp-content\/uploads\/2024\/06\/Tencel_8.jpg&#8220; title_text=&#8220;Tencel_8&#8243; _builder_version=&#8220;4.25.1&#8243; _module_preset=&#8220;default&#8220; hover_enabled=&#8220;0&#8243; global_colors_info=&#8220;{}&#8220; sticky_enabled=&#8220;0&#8243;][\/et_pb_image][\/et_pb_column][\/et_pb_row][et_pb_row use_custom_gutter=&#8220;on&#8220; gutter_width=&#8220;2&#8243; custom_padding_last_edited=&#8220;on|desktop&#8220; _builder_version=&#8220;4.24.0&#8243; _module_preset=&#8220;default&#8220; max_width=&#8220;1380px&#8220; custom_padding=&#8220;|15px||15px|false|true&#8220; custom_padding_tablet=&#8220;|15px||15px|false|true&#8220; custom_padding_phone=&#8220;||10px||false|true&#8220; locked=&#8220;off&#8220; global_colors_info=&#8220;{}&#8220;][et_pb_column type=&#8220;4_4&#8243; _builder_version=&#8220;4.18.0&#8243; _module_preset=&#8220;default&#8220; global_colors_info=&#8220;{}&#8220;][et_pb_text _builder_version=&#8220;4.25.1&#8243; _module_preset=&#8220;default&#8220; text_font=&#8220;josefin_sans_regular||||||||&#8220; text_text_color=&#8220;#55625e&#8220; text_font_size=&#8220;22px&#8220; header_text_color=&#8220;#55625e&#8220; header_font_size=&#8220;7px&#8220; header_line_height=&#8220;1.3em&#8220; header_2_font=&#8220;josefin_sans_regular|700|||||||&#8220; header_2_text_color=&#8220;#55625e&#8220; header_2_font_size=&#8220;34px&#8220; module_alignment=&#8220;center&#8220; global_colors_info=&#8220;{}&#8220;]<\/p>\n<div class=\"fusion-fullwidth fullwidth-box\">\n<div class=\"avada-row\">\n<p>&nbsp;<\/p>\n<\/div>\n<\/div>\n<div class=\"fusion-fullwidth fullwidth-box\">\n<div class=\"avada-row\">\n<ul class=\"fusion-checklist\">\n<li class=\"fusion-li-item size-small\">Production building (approx. 34m x 120m at horizontal section, up to 55m height above terrain) in reinforced concrete, bored pile foundation, with steel superstructures, steel platforms inside the building and steel pipe bridges (total 1100 tons of steel), evaporating plant, bale storage building<\/li>\n<li class=\"fusion-li-item size-small\">Structural analysis and design of the production building, including pile foundation and all steel parts<\/li>\n<li class=\"fusion-li-item size-small\">Structural analysis and design of the foundation of the evaporation plant including a containment basin<\/li>\n<li class=\"fusion-li-item size-small\">Structural analysis and design of the steel structures inside the bale storage building<\/li>\n<li class=\"fusion-li-item size-small\">Structural analysis and design of pipe bridges (Steel structure, columns from reinforced concrete, foundation)<\/li>\n<\/ul>\n<\/div>\n<\/div>\n<p>[\/et_pb_text][\/et_pb_column][\/et_pb_row][\/et_pb_section]<\/p>","protected":false},"excerpt":{"rendered":"<p>\u00a9 Neuwirth-Kienmandl ZT GmbH\u00a0 |\u00a0 Impressum\u00a0 |\u00a0 Datenschutz | \u00a0 Design by Glenpix Tencel Produktionsanlage &nbsp; Lenzing, Ober\u00f6sterreich2010 \u2013 2014Industriebau &nbsp; &nbsp; Produktionsgeb\u00e4ude (ca. 34m x 120m im Grundriss, bis 55m H\u00f6he \u00fcber Gel\u00e4nde) in Stahlbetonbauweise auf Bohrpfahlgr\u00fcndung mit Stahlaufbauten und Stahleinbauten bzw. Stahlinnenebenen und Rohrtrassen aus Stahl (Insgesamt ca. 1100 Tonnen Stahl), Eindampfanlage, Ballenlagergeb\u00e4ude [&hellip;]<\/p>","protected":false},"author":1,"featured_media":0,"parent":0,"menu_order":0,"comment_status":"closed","ping_status":"closed","template":"","meta":{"_et_pb_use_builder":"on","_et_pb_old_content":"","_et_gb_content_width":"","footnotes":""},"class_list":["post-987510084","page","type-page","status-publish","hentry"],"yoast_head":"<!-- This site is optimized with the Yoast SEO plugin v25.2 - https:\/\/yoast.com\/wordpress\/plugins\/seo\/ -->\n<title>Tencel Produktionsanlage-Lenzing - NKZT<\/title>\n<meta name=\"robots\" content=\"index, follow, max-snippet:-1, max-image-preview:large, max-video-preview:-1\" \/>\n<link rel=\"canonical\" href=\"https:\/\/nk-zt.at\/en\/tencel-produktionsanlage-lenzing\/\" \/>\n<meta property=\"og:locale\" content=\"en_GB\" \/>\n<meta property=\"og:type\" content=\"article\" \/>\n<meta property=\"og:title\" content=\"Tencel Produktionsanlage-Lenzing - NKZT\" \/>\n<meta property=\"og:description\" content=\"\u00a9 Neuwirth-Kienmandl ZT GmbH\u00a0 |\u00a0 Impressum\u00a0 |\u00a0 Datenschutz | \u00a0 Design by Glenpix Tencel Produktionsanlage &nbsp; Lenzing, Ober\u00f6sterreich2010 \u2013 2014Industriebau &nbsp; &nbsp; Produktionsgeb\u00e4ude (ca. 34m x 120m im Grundriss, bis 55m H\u00f6he \u00fcber Gel\u00e4nde) in Stahlbetonbauweise auf Bohrpfahlgr\u00fcndung mit Stahlaufbauten und Stahleinbauten bzw. Stahlinnenebenen und Rohrtrassen aus Stahl (Insgesamt ca. 1100 Tonnen Stahl), Eindampfanlage, Ballenlagergeb\u00e4ude [&hellip;]\" \/>\n<meta property=\"og:url\" content=\"https:\/\/nk-zt.at\/en\/tencel-produktionsanlage-lenzing\/\" \/>\n<meta property=\"og:site_name\" content=\"NKZT\" \/>\n<meta property=\"article:modified_time\" content=\"2024-06-15T09:20:02+00:00\" \/>\n<meta name=\"twitter:card\" content=\"summary_large_image\" \/>\n<meta name=\"twitter:label1\" content=\"Estimated reading time\" \/>\n\t<meta name=\"twitter:data1\" content=\"4 minutes\" \/>\n<script type=\"application\/ld+json\" class=\"yoast-schema-graph\">{\"@context\":\"https:\/\/schema.org\",\"@graph\":[{\"@type\":\"WebPage\",\"@id\":\"https:\/\/nk-zt.at\/tencel-produktionsanlage-lenzing\/\",\"url\":\"https:\/\/nk-zt.at\/tencel-produktionsanlage-lenzing\/\",\"name\":\"Tencel Produktionsanlage-Lenzing - NKZT\",\"isPartOf\":{\"@id\":\"https:\/\/nk-zt.at\/#website\"},\"datePublished\":\"2024-06-15T08:47:23+00:00\",\"dateModified\":\"2024-06-15T09:20:02+00:00\",\"breadcrumb\":{\"@id\":\"https:\/\/nk-zt.at\/tencel-produktionsanlage-lenzing\/#breadcrumb\"},\"inLanguage\":\"en-GB\",\"potentialAction\":[{\"@type\":\"ReadAction\",\"target\":[\"https:\/\/nk-zt.at\/tencel-produktionsanlage-lenzing\/\"]}]},{\"@type\":\"BreadcrumbList\",\"@id\":\"https:\/\/nk-zt.at\/tencel-produktionsanlage-lenzing\/#breadcrumb\",\"itemListElement\":[{\"@type\":\"ListItem\",\"position\":1,\"name\":\"Home\",\"item\":\"https:\/\/nk-zt.at\/\"},{\"@type\":\"ListItem\",\"position\":2,\"name\":\"Tencel Produktionsanlage-Lenzing\"}]},{\"@type\":\"WebSite\",\"@id\":\"https:\/\/nk-zt.at\/#website\",\"url\":\"https:\/\/nk-zt.at\/\",\"name\":\"NKZT\",\"description\":\"Kienmandl ZT GmbH f\u00fcr Bauwesen\",\"potentialAction\":[{\"@type\":\"SearchAction\",\"target\":{\"@type\":\"EntryPoint\",\"urlTemplate\":\"https:\/\/nk-zt.at\/?s={search_term_string}\"},\"query-input\":{\"@type\":\"PropertyValueSpecification\",\"valueRequired\":true,\"valueName\":\"search_term_string\"}}],\"inLanguage\":\"en-GB\"}]}<\/script>\n<!-- \/ Yoast SEO plugin. -->","yoast_head_json":{"title":"Tencel Produktionsanlage-Lenzing - NKZT","robots":{"index":"index","follow":"follow","max-snippet":"max-snippet:-1","max-image-preview":"max-image-preview:large","max-video-preview":"max-video-preview:-1"},"canonical":"https:\/\/nk-zt.at\/en\/tencel-produktionsanlage-lenzing\/","og_locale":"en_GB","og_type":"article","og_title":"Tencel Produktionsanlage-Lenzing - NKZT","og_description":"\u00a9 Neuwirth-Kienmandl ZT GmbH\u00a0 |\u00a0 Impressum\u00a0 |\u00a0 Datenschutz | \u00a0 Design by Glenpix Tencel Produktionsanlage &nbsp; Lenzing, Ober\u00f6sterreich2010 \u2013 2014Industriebau &nbsp; &nbsp; Produktionsgeb\u00e4ude (ca. 34m x 120m im Grundriss, bis 55m H\u00f6he \u00fcber Gel\u00e4nde) in Stahlbetonbauweise auf Bohrpfahlgr\u00fcndung mit Stahlaufbauten und Stahleinbauten bzw. Stahlinnenebenen und Rohrtrassen aus Stahl (Insgesamt ca. 1100 Tonnen Stahl), Eindampfanlage, Ballenlagergeb\u00e4ude [&hellip;]","og_url":"https:\/\/nk-zt.at\/en\/tencel-produktionsanlage-lenzing\/","og_site_name":"NKZT","article_modified_time":"2024-06-15T09:20:02+00:00","twitter_card":"summary_large_image","twitter_misc":{"Estimated reading time":"4 minutes"},"schema":{"@context":"https:\/\/schema.org","@graph":[{"@type":"WebPage","@id":"https:\/\/nk-zt.at\/tencel-produktionsanlage-lenzing\/","url":"https:\/\/nk-zt.at\/tencel-produktionsanlage-lenzing\/","name":"Tencel Produktionsanlage-Lenzing - NKZT","isPartOf":{"@id":"https:\/\/nk-zt.at\/#website"},"datePublished":"2024-06-15T08:47:23+00:00","dateModified":"2024-06-15T09:20:02+00:00","breadcrumb":{"@id":"https:\/\/nk-zt.at\/tencel-produktionsanlage-lenzing\/#breadcrumb"},"inLanguage":"en-GB","potentialAction":[{"@type":"ReadAction","target":["https:\/\/nk-zt.at\/tencel-produktionsanlage-lenzing\/"]}]},{"@type":"BreadcrumbList","@id":"https:\/\/nk-zt.at\/tencel-produktionsanlage-lenzing\/#breadcrumb","itemListElement":[{"@type":"ListItem","position":1,"name":"Home","item":"https:\/\/nk-zt.at\/"},{"@type":"ListItem","position":2,"name":"Tencel Produktionsanlage-Lenzing"}]},{"@type":"WebSite","@id":"https:\/\/nk-zt.at\/#website","url":"https:\/\/nk-zt.at\/","name":"NKZT","description":"Kienmandl ZT GmbH f\u00fcr Bauwesen","potentialAction":[{"@type":"SearchAction","target":{"@type":"EntryPoint","urlTemplate":"https:\/\/nk-zt.at\/?s={search_term_string}"},"query-input":{"@type":"PropertyValueSpecification","valueRequired":true,"valueName":"search_term_string"}}],"inLanguage":"en-GB"}]}},"_links":{"self":[{"href":"https:\/\/nk-zt.at\/en\/wp-json\/wp\/v2\/pages\/987510084","targetHints":{"allow":["GET"]}}],"collection":[{"href":"https:\/\/nk-zt.at\/en\/wp-json\/wp\/v2\/pages"}],"about":[{"href":"https:\/\/nk-zt.at\/en\/wp-json\/wp\/v2\/types\/page"}],"author":[{"embeddable":true,"href":"https:\/\/nk-zt.at\/en\/wp-json\/wp\/v2\/users\/1"}],"replies":[{"embeddable":true,"href":"https:\/\/nk-zt.at\/en\/wp-json\/wp\/v2\/comments?post=987510084"}],"version-history":[{"count":7,"href":"https:\/\/nk-zt.at\/en\/wp-json\/wp\/v2\/pages\/987510084\/revisions"}],"predecessor-version":[{"id":987510103,"href":"https:\/\/nk-zt.at\/en\/wp-json\/wp\/v2\/pages\/987510084\/revisions\/987510103"}],"wp:attachment":[{"href":"https:\/\/nk-zt.at\/en\/wp-json\/wp\/v2\/media?parent=987510084"}],"curies":[{"name":"wp","href":"https:\/\/api.w.org\/{rel}","templated":true}]}}